{"id":1018,"date":"2013-02-16T03:48:48","date_gmt":"2013-02-16T11:48:48","guid":{"rendered":"http:\/\/www.avocatsinternationaux.com\/?page_id=1018"},"modified":"2019-05-19T16:26:34","modified_gmt":"2019-05-19T23:26:34","slug":"testaments-et-trusts","status":"publish","type":"page","link":"https:\/\/www.avocatsinternationaux.com\/index.php\/testaments-et-trusts\/","title":{"rendered":"Testaments et trusts : planifier sa succession"},"content":{"rendered":"<h6><a href=\"https:\/\/ml9mp9qyn1ei.i.optimole.com\/w:auto\/h:auto\/q:mauto\/http:\/\/www.avocatsinternationaux.com\/wp-content\/uploads\/2013\/02\/estate-planning.jpg\"><img decoding=\"async\" class=\"size-medium wp-image-1022 alignright\" src=\"https:\/\/ml9mp9qyn1ei.i.optimole.com\/w:300\/h:225\/q:mauto\/http:\/\/www.avocatsinternationaux.com\/wp-content\/uploads\/2013\/02\/estate-planning.jpg\" alt=\"\" width=\"300\" height=\"225\" \/><\/a><\/h6>\n<p><strong>TESTAMENTS ET TRUSTS<\/strong><\/p>\n<p><a href=\"http:\/\/www.uslawinternational.com\/index.php\/estate-planning\/\"><em>Read this page in English<\/em><\/a><\/p>\n<p>Pr\u00e9parer sa succession n\u2019a jamais fait mourir personne. C\u2019est une \u00e9tape indispensable pour envisager sereinement votre avenir et celui de votre famille. Il faut toujours garder \u00e0 l\u2019esprit que, si vous ne laissez pas de testament, la France et les Etats-Unis en ont pr\u00e9par\u00e9 un pour vous, qui pourrait bien ne pas correspondre du tout \u00e0 vos souhaits.<\/p>\n<p>A qui iront vos biens, en France ou aux Etats-Unis, en l\u2019absence de testament\u00a0? Que ce passerait-il si vous \u00e9tiez victime d\u2019un accident, et dans l\u2019incapacit\u00e9 de prendre les d\u00e9cisions les plus importantes concernant votre sant\u00e9 et votre patrimoine\u00a0? Vos h\u00e9ritiers devront-ils engager une proc\u00e9dure judiciaire en France, ou en Californie, ou les deux ?<\/p>\n<p>Si vous poss\u00e9dez\u00a0des biens dans plusieurs pays, ceux-ci pourront \u00eatre soumis \u00e0 des syst\u00e8mes juridiques diff\u00e9rents, et parfois contradictoires. Le conseil d\u2019un avocat international devient alors indispensable. En effet, le recours dans une succession internationale aux formules \u00abpr\u00eates\u00a0\u00e0 l&#8217;emploi\u00bb d&#8217;utilisation courante en droit interne peut entrainer des cons\u00e9quences juridiques et fiscales d\u00e9sastreuses.<\/p>\n<p>Par exemple, la France reconna\u00eet mal le concept de trust, pourtant d\u2019origine normande. Le droit fran\u00e7ais, bien \u00e0 tort, consid\u00e8re le trust non comme une partie l\u00e9gitime d&#8217;un plan successoral complet, mais comme un instrument d\u2019\u00e9vasion fiscale. Inclure des biens fran\u00e7ais dans un trust entra\u00eene l\u2019obligation de remplir des d\u00e9clarations sp\u00e9ciales et peut donner lieu \u00e0\u00a0des p\u00e9nalit\u00e9s et amendes consid\u00e9rables.<\/p>\n<p>Nous conseillons donc aux expatri\u00e9s fran\u00e7ais qui envisagent de redevenir r\u00e9sidents fiscaux en France d\u2019\u00e9viter les trusts irr\u00e9vocables, dont la liquidation peut devenir n\u00e9cessaire avant l&#8217;impatriation.<\/p>\n<p>C&#8217;est le genre d\u2019erreur co\u00fbteuse que nous pouvons vous aider \u00e0 \u00e9viter. Nous sommes\u00a0\u00e0 votre disposition pour une consultation sur ces questions.<\/p>\n","protected":false},"excerpt":{"rendered":"<p>TESTAMENTS ET TRUSTS Read this page in English Pr\u00e9parer sa succession n\u2019a jamais fait mourir personne. C\u2019est une \u00e9tape indispensable pour envisager sereinement votre avenir et celui de votre famille. Il faut toujours garder \u00e0 l\u2019esprit que, si vous ne laissez pas de testament, la France et les Etats-Unis en ont pr\u00e9par\u00e9 un pour vous, <a href='https:\/\/www.avocatsinternationaux.com\/index.php\/testaments-et-trusts\/' class='excerpt-more'>[&#8230;]<\/a><\/p>\n","protected":false},"author":3,"featured_media":0,"parent":0,"menu_order":0,"comment_status":"closed","ping_status":"closed","template":"","meta":{"_monsterinsights_skip_tracking":false,"_monsterinsights_sitenote_active":false,"_monsterinsights_sitenote_note":"","_monsterinsights_sitenote_category":0},"aioseo_notices":[],"_links":{"self":[{"href":"https:\/\/www.avocatsinternationaux.com\/index.php\/wp-json\/wp\/v2\/pages\/1018"}],"collection":[{"href":"https:\/\/www.avocatsinternationaux.com\/index.php\/wp-json\/wp\/v2\/pages"}],"about":[{"href":"https:\/\/www.avocatsinternationaux.com\/index.php\/wp-json\/wp\/v2\/types\/page"}],"author":[{"embeddable":true,"href":"https:\/\/www.avocatsinternationaux.com\/index.php\/wp-json\/wp\/v2\/users\/3"}],"replies":[{"embeddable":true,"href":"https:\/\/www.avocatsinternationaux.com\/index.php\/wp-json\/wp\/v2\/comments?post=1018"}],"version-history":[{"count":58,"href":"https:\/\/www.avocatsinternationaux.com\/index.php\/wp-json\/wp\/v2\/pages\/1018\/revisions"}],"predecessor-version":[{"id":1701,"href":"https:\/\/www.avocatsinternationaux.com\/index.php\/wp-json\/wp\/v2\/pages\/1018\/revisions\/1701"}],"wp:attachment":[{"href":"https:\/\/www.avocatsinternationaux.com\/index.php\/wp-json\/wp\/v2\/media?parent=1018"}],"curies":[{"name":"wp","href":"https:\/\/api.w.org\/{rel}","templated":true}]}}