{"id":120,"date":"2011-09-30T06:32:05","date_gmt":"2011-09-30T13:32:05","guid":{"rendered":"http:\/\/www.avocatsinternationaux.com\/?page_id=120"},"modified":"2019-05-19T14:46:42","modified_gmt":"2019-05-19T21:46:42","slug":"traductions-2","status":"publish","type":"page","link":"https:\/\/www.avocatsinternationaux.com\/index.php\/traductions-2\/","title":{"rendered":"TRADUCTIONS"},"content":{"rendered":"<p><strong><span style=\"color: #333333;\">TRADUCTIONS CERTIFI\u00c9ES<\/span><\/strong><\/p>\n<p><a href=\"https:\/\/ml9mp9qyn1ei.i.optimole.com\/w:auto\/h:auto\/q:mauto\/http:\/\/www.avocatsinternationaux.com\/wp-content\/uploads\/2011\/09\/blue-world.jpg\"><img decoding=\"async\" class=\"alignright size-full wp-image-983\" src=\"https:\/\/ml9mp9qyn1ei.i.optimole.com\/w:auto\/h:auto\/q:mauto\/http:\/\/www.avocatsinternationaux.com\/wp-content\/uploads\/2011\/09\/blue-world.jpg\" alt=\"blue world\" width=\"148\" height=\"158\" \/><\/a>Nous vous remettons les documents juridiques destin\u00e9s aux autorit\u00e9s fran\u00e7aises, tels que les <strong><a href=\"http:\/\/www.avocatsinternationaux.com\/index.php\/certificat-de-coutume-apostille\/\">certificats de coutume, de c\u00e9libat\u00a0ou de non-appel<\/a>,\u00a0<\/strong>directement en fran\u00e7ais. Vous n&#8217;aurez donc pas besoin de traduction.<\/p>\n<p>Nous pouvons \u00e9galement vous fournir des traductions juridiques rapides et de haute qualit\u00e9 <strong>anglais\/fran\u00e7ais<\/strong> ou <strong>fran\u00e7ais\/anglais<\/strong>.<\/p>\n","protected":false},"excerpt":{"rendered":"<p>TRADUCTIONS CERTIFI\u00c9ES Nous vous remettons les documents juridiques destin\u00e9s aux autorit\u00e9s fran\u00e7aises, tels que les certificats de coutume, de c\u00e9libat\u00a0ou de non-appel,\u00a0directement en fran\u00e7ais. Vous n&#8217;aurez donc pas besoin de traduction. Nous pouvons \u00e9galement vous fournir des traductions juridiques rapides et de haute qualit\u00e9 anglais\/fran\u00e7ais ou fran\u00e7ais\/anglais.<\/p>\n","protected":false},"author":3,"featured_media":0,"parent":0,"menu_order":0,"comment_status":"closed","ping_status":"closed","template":"","meta":{"_monsterinsights_skip_tracking":false,"_monsterinsights_sitenote_active":false,"_monsterinsights_sitenote_note":"","_monsterinsights_sitenote_category":0},"aioseo_notices":[],"_links":{"self":[{"href":"https:\/\/www.avocatsinternationaux.com\/index.php\/wp-json\/wp\/v2\/pages\/120"}],"collection":[{"href":"https:\/\/www.avocatsinternationaux.com\/index.php\/wp-json\/wp\/v2\/pages"}],"about":[{"href":"https:\/\/www.avocatsinternationaux.com\/index.php\/wp-json\/wp\/v2\/types\/page"}],"author":[{"embeddable":true,"href":"https:\/\/www.avocatsinternationaux.com\/index.php\/wp-json\/wp\/v2\/users\/3"}],"replies":[{"embeddable":true,"href":"https:\/\/www.avocatsinternationaux.com\/index.php\/wp-json\/wp\/v2\/comments?post=120"}],"version-history":[{"count":40,"href":"https:\/\/www.avocatsinternationaux.com\/index.php\/wp-json\/wp\/v2\/pages\/120\/revisions"}],"predecessor-version":[{"id":1690,"href":"https:\/\/www.avocatsinternationaux.com\/index.php\/wp-json\/wp\/v2\/pages\/120\/revisions\/1690"}],"wp:attachment":[{"href":"https:\/\/www.avocatsinternationaux.com\/index.php\/wp-json\/wp\/v2\/media?parent=120"}],"curies":[{"name":"wp","href":"https:\/\/api.w.org\/{rel}","templated":true}]}}