{"id":189,"date":"2011-10-01T09:22:24","date_gmt":"2011-10-01T16:22:24","guid":{"rendered":"http:\/\/www.avocatsinternationaux.com\/?page_id=189"},"modified":"2019-05-19T16:34:50","modified_gmt":"2019-05-19T23:34:50","slug":"citoyennete-americaine","status":"publish","type":"page","link":"https:\/\/www.avocatsinternationaux.com\/index.php\/citoyennete-americaine\/","title":{"rendered":"Citoyennet\u00e9 am\u00e9ricaine, l&#8217;acqu\u00e9rir, y renoncer"},"content":{"rendered":"<p><span style=\"color: #333333;\"><strong><a href=\"https:\/\/ml9mp9qyn1ei.i.optimole.com\/w:auto\/h:auto\/q:mauto\/http:\/\/www.avocatsinternationaux.com\/wp-content\/uploads\/2011\/10\/Us-passport_enhanced.jpg\"><img decoding=\"async\" class=\"alignright size-medium wp-image-1203\" src=\"https:\/\/ml9mp9qyn1ei.i.optimole.com\/w:205\/h:300\/q:mauto\/http:\/\/www.avocatsinternationaux.com\/wp-content\/uploads\/2011\/10\/Us-passport_enhanced.jpg\" alt=\"Us-passport_enhanced\" width=\"205\" height=\"300\" \/><\/a>ACQU\u00c9RIR LA NATIONALIT\u00c9 AM\u00c9RICAINE<\/strong><\/span><\/p>\n<p>Un R\u00e9sident Permanent des Etats-Unis (titulaire d\u2019une \u201c<strong><a href=\"http:\/\/www.avocatsinternationaux.com\/index.php\/la-carte-verte\/\">carte verte<\/a><\/strong>\u201d) peut demander sa naturalisation apr\u00e8s 5 ans de residence permanente, \u00e0 condition qu\u2019il ait physiquement pass\u00e9 au moins la moiti\u00e9 de cette p\u00e9riode aux Etats-Unis, sans absences de plus de 6 mois cons\u00e9cutifs. Ce d\u00e9lai est ramen\u00e9 \u00e0\u00a03 ans en cas de marriage avec un(e) Am\u00e9ricain(e).<\/p>\n<p>Cel\u00e0 peut sembler simple, mais les choses sont rarement aussi faciles. Une demande de naturalisation d\u00e9pos\u00e9e imprudemment peut conduire, au pire, \u00e0 la d\u00e9portation, notamment en cas de <strong>casier judiciaire<\/strong>.<\/p>\n<p>D\u2019autres facteurs sont \u00e0 prendre en compte: que va-t-il advenir de la nationalit\u00e9 d\u2019origine du nouvel Am\u00e9ricain? Certains pays d\u00e9couragent ou m\u00eame interdisent totalement la double nationalit\u00e9. La France, pour sa part, accepte pour l&#8217;instant la <strong>binationalit\u00e9<\/strong>. <strong>Un Fran\u00e7ais naturalis\u00e9 Am\u00e9ricain peut donc cumuler les deux nationalit\u00e9s<\/strong>, de m\u00eame qu&#8217;un Am\u00e9ricain naturalis\u00e9 Fran\u00e7ais.<\/p>\n<p>Autre question importante: quelles seront les <strong>cons\u00e9quences fiscales<\/strong> de l\u2019acquisition de la nationalit\u00e9 am\u00e9ricaine?<\/p>\n<p>Un examen approfondi de votre situation avec votre avocat s&#8217;impose donc avant le d\u00e9p\u00f4t de tout dossier de naturalisation.<\/p>\n<p><strong>RENONCER \u00c0\u00a0<span style=\"color: #333333;\">LA NATIONALIT\u00c9 AM\u00c9RICAINE<\/span><\/strong><\/p>\n<p>La plupart des Am\u00e9ricains obtiennent leur nationalit\u00e9 automatiquement par naissance aux Etats-Unis. Qu&#8217;en est-il des <strong><em>Am\u00e9ricains\u00a0accidentels<\/em><\/strong>, dont les parents \u00e9taient de passage dans le pays au moment de leur naissance, et qui n&#8217;ont gard\u00e9 aucun contact avec les Etats-Unis ? Pourtant, comme tous les autres Am\u00e9ricains, ils doivent faire des <strong>d\u00e9clarations d&#8217;imp\u00f4ts aux Etats-Unis sur leur revenus mondiaux<\/strong>, et ils peuvent \u00eatre lourdement tax\u00e9s, notamment sur des plus-values r\u00e9alis\u00e9es en France. Ils doivent d\u00e9clarer leurs comptes en banque fran\u00e7ais au Tr\u00e9sor am\u00e9ricain (<em>FBAR,\u00a0Report of Foreign Bank and Financial Accounts<\/em>). Ils rencontrent parfois des difficult\u00e9s \u00e0 ouvrir ces m\u00eames comptes, \u00e0 cause des obligations impos\u00e9es aux banques fran\u00e7aises par FATCA (<em>Foreign Account Tax Compliance Act). <\/em>Il y aurait ainsi 20.000 Am\u00e9ricains r\u00e9sidant en France.<\/p>\n<p>Les Am\u00e9ricains accidentels, comme certain naturalis\u00e9s qui d\u00e9cident de revenir d\u00e9finitivement au pays, envisagent parfois de renoncer \u00e0 leur nationalit\u00e9 am\u00e9ricaine. Cette proc\u00e9dure est devenue complexe, et les frais consulaires ont \u00e9t\u00e9 port\u00e9s \u00e0 la somme consid\u00e9rable de 2.350 dollars. De plus, le Congr\u00e8s am\u00e9ricain a tent\u00e9 plusieurs fois d&#8217;<strong>interdire de s\u00e9jour aux Etats-Unis<\/strong>\u00a0les personnes ayant renonc\u00e9 \u00e0 leur nationalit\u00e9 am\u00e9ricaine pour des raisons fiscales. Et pourtant, le nombre d&#8217;Am\u00e9ricains qui abandonnent leur citoyennet\u00e9 n&#8217;a jamais \u00e9t\u00e9 aussi \u00e9lev\u00e9.<\/p>\n<p>Cette d\u00e9cision est irr\u00e9vocable et peut entrainer des cons\u00e9quences auxquelles vous n&#8217;avez peut-\u00eatre pas pens\u00e9. La renonciation \u00e0 la nationalit\u00e9 am\u00e9ricaine, comme son acquisition, requiert une consultation approfondie avec votre avocat.<\/p>\n","protected":false},"excerpt":{"rendered":"<p>ACQU\u00c9RIR LA NATIONALIT\u00c9 AM\u00c9RICAINE Un R\u00e9sident Permanent des Etats-Unis (titulaire d\u2019une \u201ccarte verte\u201d) peut demander sa naturalisation apr\u00e8s 5 ans de residence permanente, \u00e0 condition qu\u2019il ait physiquement pass\u00e9 au moins la moiti\u00e9 de cette p\u00e9riode aux Etats-Unis, sans absences de plus de 6 mois cons\u00e9cutifs. Ce d\u00e9lai est ramen\u00e9 \u00e0\u00a03 ans en cas de <a href='https:\/\/www.avocatsinternationaux.com\/index.php\/citoyennete-americaine\/' class='excerpt-more'>[&#8230;]<\/a><\/p>\n","protected":false},"author":3,"featured_media":0,"parent":0,"menu_order":7,"comment_status":"closed","ping_status":"closed","template":"","meta":{"_monsterinsights_skip_tracking":false,"_monsterinsights_sitenote_active":false,"_monsterinsights_sitenote_note":"","_monsterinsights_sitenote_category":0},"aioseo_notices":[],"_links":{"self":[{"href":"https:\/\/www.avocatsinternationaux.com\/index.php\/wp-json\/wp\/v2\/pages\/189"}],"collection":[{"href":"https:\/\/www.avocatsinternationaux.com\/index.php\/wp-json\/wp\/v2\/pages"}],"about":[{"href":"https:\/\/www.avocatsinternationaux.com\/index.php\/wp-json\/wp\/v2\/types\/page"}],"author":[{"embeddable":true,"href":"https:\/\/www.avocatsinternationaux.com\/index.php\/wp-json\/wp\/v2\/users\/3"}],"replies":[{"embeddable":true,"href":"https:\/\/www.avocatsinternationaux.com\/index.php\/wp-json\/wp\/v2\/comments?post=189"}],"version-history":[{"count":28,"href":"https:\/\/www.avocatsinternationaux.com\/index.php\/wp-json\/wp\/v2\/pages\/189\/revisions"}],"predecessor-version":[{"id":1706,"href":"https:\/\/www.avocatsinternationaux.com\/index.php\/wp-json\/wp\/v2\/pages\/189\/revisions\/1706"}],"wp:attachment":[{"href":"https:\/\/www.avocatsinternationaux.com\/index.php\/wp-json\/wp\/v2\/media?parent=189"}],"curies":[{"name":"wp","href":"https:\/\/api.w.org\/{rel}","templated":true}]}}