{"id":222,"date":"2011-10-01T14:07:52","date_gmt":"2011-10-01T21:07:52","guid":{"rendered":"http:\/\/www.avocatsinternationaux.com\/?page_id=222"},"modified":"2019-05-19T16:14:45","modified_gmt":"2019-05-19T23:14:45","slug":"contrats-de-mariage","status":"publish","type":"page","link":"https:\/\/www.avocatsinternationaux.com\/index.php\/contrats-de-mariage\/","title":{"rendered":"CONTRATS DE MARIAGE"},"content":{"rendered":"<p><span style=\"color: #333333;\"><strong><a href=\"https:\/\/ml9mp9qyn1ei.i.optimole.com\/w:auto\/h:auto\/q:mauto\/http:\/\/www.avocatsinternationaux.com\/wp-content\/uploads\/2011\/10\/800px-Rings.png\"><img decoding=\"async\" class=\"size-medium wp-image-951 alignright\" src=\"https:\/\/ml9mp9qyn1ei.i.optimole.com\/w:300\/h:122\/q:mauto\/http:\/\/www.avocatsinternationaux.com\/wp-content\/uploads\/2011\/10\/800px-Rings.png\" alt=\"\" width=\"300\" height=\"122\"><\/a>CONTRATS DE MARIAGE ET REGIMES MATRIMONIAUX<\/strong><\/span><\/p>\n<p>A premi\u00e8re vue, les contrats de mariage californiens (<em>premarital agreements<\/em>, \u00e9galement&nbsp;appel\u00e9s <em>prenuptial<\/em>&nbsp;<em>agreements<\/em>, ou tout simplement<em> prenups<\/em>) sont assez diff\u00e9rents de leurs cousins fran\u00e7ais. Les futurs \u00e9poux, au lieu de se rencontrer chez un notaire qui va les conseiller tous les deux, prennent chacun leur avocat pour n\u00e9gocier, parfois \u00e2prement, les termes du contrat. Ils devront r\u00e9v\u00e9ler leur patrimoine, leurs dettes et leurs revenus. Ils vont ensuite signer, chacun chez son avocat, les documents sur lesquels ils se seront mis d\u2019accord.<\/p>\n<p>Mais le r\u00e9sultat est-il si diff\u00e9rent&nbsp;? Certes, les Etats am\u00e9ricains, \u00e0 l\u2019exception de la Louisiane, ignorent le concept de r\u00e9gimes matrimoniaux. Les \u00e9poux sont libres de cr\u00e9er leur propre r\u00e9gime de toutes pi\u00e8ces, dans les limites de l&#8217;ordre public.<\/p>\n<p>Force est cependant de constater que le resultat sera \u00e0 peu pr\u00e8s le m\u00eame. En pratique, les \u00e9poux vont d\u00e9cider soit de garder leurs revenus s\u00e9par\u00e9s (comme dans le r\u00e9gime de la s\u00e9paration de biens en France, tel qu\u2019il est d\u00e9fini par les Articles 1536 et suivants du Code civil) soit de faire pot commun, selon des formules variables rappelant les r\u00e9gimes de communaut\u00e9 fran\u00e7ais.<\/p>\n<p>Cependant, du fait des diff\u00e9rences de forme entre les <em>prenups<\/em> am\u00e9ricains et les contrats de mariages fran\u00e7ais, il arrive souvent que la validit\u00e9 de ces derniers soit contest\u00e9e devant les tribunaux californiens.<\/p>\n<p>Que doit alors faire un couple franco-am\u00e9ricain, ou un couple de Fran\u00e7ais s\u2019\u00e9tablissant de mani\u00e8re durable aux Etats-Unis, tout en conservant des biens et des revenus en France? La meilleure solution est d\u2019avoir un double contrat de mariage, l\u2019un selon les r\u00e8gles du droit fran\u00e7ais, sign\u00e9 devant un notaire fran\u00e7ais ou la section notariale du Consulat de France aux \u00c9tats-Unis, et l&#8217;autre de droit californien reprenant les m\u00eames provisions. Il est aussi possible d&#8217;am\u00e9ricaniser, en collaboration avec le ou la notaire des futurs \u00e9poux, un contrat de mariage fran\u00e7ais en y incorporant des provisions typiques des <em>prenuptial agreements<\/em> californiens.<\/p>\n<p>Un couple mari\u00e9 en France peut aussi conclure un <em>postnuptial agreement<\/em> apr\u00e8s son arriv\u00e9e en Californie.<\/p>\n<p><strong>Pour en savoir plus<\/strong><br \/>\nArticle <strong><a href=\"http:\/\/www.avocatsinternationaux.com\/wp-content\/uploads\/2011\/10\/French-Knots.pdf\"><em>FRENCH KNOTS<\/em>, par Peter WALZER et Catherine PARKER<\/a><\/strong>&nbsp;(PDF, en anglais)<\/p>\n","protected":false},"excerpt":{"rendered":"<p>CONTRATS DE MARIAGE ET REGIMES MATRIMONIAUX A premi\u00e8re vue, les contrats de mariage californiens (premarital agreements, \u00e9galement&nbsp;appel\u00e9s prenuptial&nbsp;agreements, ou tout simplement prenups) sont assez diff\u00e9rents de leurs cousins fran\u00e7ais. Les futurs \u00e9poux, au lieu de se rencontrer chez un notaire qui va les conseiller tous les deux, prennent chacun leur avocat pour n\u00e9gocier, parfois \u00e2prement, <a href='https:\/\/www.avocatsinternationaux.com\/index.php\/contrats-de-mariage\/' class='excerpt-more'>[&#8230;]<\/a><\/p>\n","protected":false},"author":3,"featured_media":0,"parent":0,"menu_order":1,"comment_status":"closed","ping_status":"closed","template":"","meta":{"_monsterinsights_skip_tracking":false,"_monsterinsights_sitenote_active":false,"_monsterinsights_sitenote_note":"","_monsterinsights_sitenote_category":0},"aioseo_notices":[],"_links":{"self":[{"href":"https:\/\/www.avocatsinternationaux.com\/index.php\/wp-json\/wp\/v2\/pages\/222"}],"collection":[{"href":"https:\/\/www.avocatsinternationaux.com\/index.php\/wp-json\/wp\/v2\/pages"}],"about":[{"href":"https:\/\/www.avocatsinternationaux.com\/index.php\/wp-json\/wp\/v2\/types\/page"}],"author":[{"embeddable":true,"href":"https:\/\/www.avocatsinternationaux.com\/index.php\/wp-json\/wp\/v2\/users\/3"}],"replies":[{"embeddable":true,"href":"https:\/\/www.avocatsinternationaux.com\/index.php\/wp-json\/wp\/v2\/comments?post=222"}],"version-history":[{"count":36,"href":"https:\/\/www.avocatsinternationaux.com\/index.php\/wp-json\/wp\/v2\/pages\/222\/revisions"}],"predecessor-version":[{"id":1700,"href":"https:\/\/www.avocatsinternationaux.com\/index.php\/wp-json\/wp\/v2\/pages\/222\/revisions\/1700"}],"wp:attachment":[{"href":"https:\/\/www.avocatsinternationaux.com\/index.php\/wp-json\/wp\/v2\/media?parent=222"}],"curies":[{"name":"wp","href":"https:\/\/api.w.org\/{rel}","templated":true}]}}