{"id":229,"date":"2011-10-01T14:12:46","date_gmt":"2011-10-01T21:12:46","guid":{"rendered":"http:\/\/www.avocatsinternationaux.com\/?page_id=229"},"modified":"2018-07-28T14:28:09","modified_gmt":"2018-07-28T21:28:09","slug":"divorce-international-2","status":"publish","type":"page","link":"https:\/\/www.avocatsinternationaux.com\/index.php\/divorce-international-2\/","title":{"rendered":"Divorce international"},"content":{"rendered":"<div id=\"attachment_68\" style=\"width: 310px\" class=\"wp-caption alignright\"><a href=\"https:\/\/ml9mp9qyn1ei.i.optimole.com\/w:auto\/h:auto\/q:mauto\/http:\/\/www.avocatsinternationaux.com\/wp-content\/uploads\/2011\/09\/Stanley-Mosk-Courthouse-Los-Angeles.jpg\"><img aria-describedby=\"caption-attachment-68\" decoding=\"async\" class=\"size-medium wp-image-68 \" src=\"https:\/\/ml9mp9qyn1ei.i.optimole.com\/w:300\/h:256\/q:mauto\/http:\/\/www.avocatsinternationaux.com\/wp-content\/uploads\/2011\/09\/Stanley-Mosk-Courthouse-Los-Angeles.jpg\" alt=\"Tribunal de Los Angeles - Stanley Mosk Courthouse\" width=\"300\" height=\"256\" \/><\/a><p id=\"caption-attachment-68\" class=\"wp-caption-text\">Los Angeles Superior Court<\/p><\/div>\n<p><strong><span style=\"color: #000080;\"><span style=\"color: #333333;\">LE DIVORCE INTERNATIONAL<\/span><\/span><\/strong><\/p>\n<p><em><a href=\"http:\/\/www.frenchcounsel.com\/index.php\/international-divorce-2\/\">Read this page in English<\/a><\/em><\/p>\n<p><strong>Bruxelles II bis<\/strong><\/p>\n<p>La premi\u00e8re question, et parfois la plus importante, dans un divorce international est <em>o\u00f9 la proc\u00e9dure va-t-elle se d\u00e9rouler<\/em>\u00a0? A l\u2019int\u00e9rieur de l\u2019Union Europ\u00e9enne, le <a href=\"http:\/\/eur-lex.europa.eu\/legal-content\/FR\/TXT\/HTML\/?uri=CELEX:32003R2201&amp;from=FR\"><strong>R\u00e8glement Bruxelles II bis<\/strong><\/a> dispose que les tribunaux du pays o\u00f9 le divorce est engag\u00e9 le premier seront le plus souvent comp\u00e9tents, m\u00eame s&#8217;il s&#8217;agit, par exemple, d&#8217;un Etat des Etats-Unis. Les cons\u00e9quences de cette r\u00e8gle sont consid\u00e9rables, notamment en mati\u00e8re de validit\u00e9 d&#8217;un\u00a0<strong><a title=\"CONTRATS DE MARIAGE\" href=\"http:\/\/www.avocatsinternationaux.com\/index.php\/contrats-de-mariage\/\">contrat de mariage<\/a><\/strong>\u00a0fran\u00e7ais.<\/p>\n<p>D\u2019autre part, le droit fran\u00e7ais exclut toute pension alimentaire pour un \u00e9poux apr\u00e8s le divorce. L\u2019\u00e9poux moins fortun\u00e9 va recevoir une prestation compensatoire, le plus souvent sous la forme d&#8217;un capital \u00e9gal \u00e0 une fraction de la diff\u00e9rence entre les patrimoines respectifs des \u00e9poux.<\/p>\n<p>L&#8217;\u00e9poux qui assigne en premier a donc un avantage majeur : il ou elle va souvent d\u00e9cider non seulement du tribunal comp\u00e9tent, mais aussi du droit applicable.<\/p>\n<p><strong>Rome III<\/strong><\/p>\n<p>Ce sc\u00e9nario de &#8220;course au tribunal&#8221; a \u00e9t\u00e9 att\u00e9nu\u00e9 par le\u00a0<a href=\"http:\/\/eur-lex.europa.eu\/LexUriServ\/LexUriServ.do?uri=OJ:L:2010:343:0010:0016:FR:PDF\"><strong>R\u00e8glement Rome III<\/strong><\/a>, du moins pour les pays qui l&#8217;ont adopt\u00e9, \u00e0 savoir l\u2019Autriche, la Belgique, la Bulgarie, la France, l\u2019Allemagne, la Hongrie, l\u2019Italie, la Lettonie, la Lithuanie, le Luxembourg, Malte, le Portugal, la Roumanie, la Slov\u00e9nie et l\u2019Espagne. Rome III permet en effet \u00e0 couple binational ou ne vivant pas dans son pays d\u2019origine de choisir, dans la limite de certains param\u00e8tres (r\u00e9sidence et nationalit\u00e9) le droit applicable \u00e0 son divorce.\u00a0Si les \u00e9poux ne peuvent se mettre d\u2019accord, ce qui est souvent le cas en mati\u00e8re de divorce, Rome III d\u00e9termine alors le droit applicable en fonction de la r\u00e9sidence et et de la nationalit\u00e9 des \u00e9poux.<\/p>\n<p>Des millions d\u2019euros ou de dollars peuvent donc se jouer sur la seule question de choix du tribunal et du droit applicable.<\/p>\n<div><\/div>\n","protected":false},"excerpt":{"rendered":"<p>LE DIVORCE INTERNATIONAL Read this page in English Bruxelles II bis La premi\u00e8re question, et parfois la plus importante, dans un divorce international est o\u00f9 la proc\u00e9dure va-t-elle se d\u00e9rouler\u00a0? A l\u2019int\u00e9rieur de l\u2019Union Europ\u00e9enne, le R\u00e8glement Bruxelles II bis dispose que les tribunaux du pays o\u00f9 le divorce est engag\u00e9 le premier seront le <a href='https:\/\/www.avocatsinternationaux.com\/index.php\/divorce-international-2\/' class='excerpt-more'>[&#8230;]<\/a><\/p>\n","protected":false},"author":3,"featured_media":0,"parent":0,"menu_order":2,"comment_status":"closed","ping_status":"closed","template":"","meta":{"_monsterinsights_skip_tracking":false,"_monsterinsights_sitenote_active":false,"_monsterinsights_sitenote_note":"","_monsterinsights_sitenote_category":0},"aioseo_notices":[],"_links":{"self":[{"href":"https:\/\/www.avocatsinternationaux.com\/index.php\/wp-json\/wp\/v2\/pages\/229"}],"collection":[{"href":"https:\/\/www.avocatsinternationaux.com\/index.php\/wp-json\/wp\/v2\/pages"}],"about":[{"href":"https:\/\/www.avocatsinternationaux.com\/index.php\/wp-json\/wp\/v2\/types\/page"}],"author":[{"embeddable":true,"href":"https:\/\/www.avocatsinternationaux.com\/index.php\/wp-json\/wp\/v2\/users\/3"}],"replies":[{"embeddable":true,"href":"https:\/\/www.avocatsinternationaux.com\/index.php\/wp-json\/wp\/v2\/comments?post=229"}],"version-history":[{"count":55,"href":"https:\/\/www.avocatsinternationaux.com\/index.php\/wp-json\/wp\/v2\/pages\/229\/revisions"}],"predecessor-version":[{"id":1570,"href":"https:\/\/www.avocatsinternationaux.com\/index.php\/wp-json\/wp\/v2\/pages\/229\/revisions\/1570"}],"wp:attachment":[{"href":"https:\/\/www.avocatsinternationaux.com\/index.php\/wp-json\/wp\/v2\/media?parent=229"}],"curies":[{"name":"wp","href":"https:\/\/api.w.org\/{rel}","templated":true}]}}