{"id":236,"date":"2011-10-01T14:15:36","date_gmt":"2011-10-01T21:15:36","guid":{"rendered":"http:\/\/www.avocatsinternationaux.com\/?page_id=236"},"modified":"2019-06-08T02:15:50","modified_gmt":"2019-06-08T09:15:50","slug":"enlevement-international-denfants-2","status":"publish","type":"page","link":"https:\/\/www.avocatsinternationaux.com\/index.php\/enlevement-international-denfants-2\/","title":{"rendered":"ENLEVEMENT INTERNATIONAL D&#8217;ENFANTS"},"content":{"rendered":"<p><strong><a href=\"https:\/\/ml9mp9qyn1ei.i.optimole.com\/w:auto\/h:auto\/q:mauto\/http:\/\/www.avocatsinternationaux.com\/wp-content\/uploads\/2011\/10\/949574_-jigsaw_world-.jpg\"><img decoding=\"async\" class=\"alignright size-full wp-image-689\" title=\"949574_-jigsaw_world-\" src=\"https:\/\/ml9mp9qyn1ei.i.optimole.com\/w:auto\/h:auto\/q:mauto\/http:\/\/www.avocatsinternationaux.com\/wp-content\/uploads\/2011\/10\/949574_-jigsaw_world-.jpg\" alt=\"\" width=\"300\" height=\"203\" \/><\/a><span style=\"color: #333333;\">L&#8217;ENLEVEMENT INTERNATIONAL D&#8217;ENFANTS<\/span><br \/>\n<\/strong><\/p>\n<p align=\"left\"><em><a href=\"http:\/\/www.frenchcounsel.com\/index.php\/international-child-abduction\/\">Read this page in English<\/a><\/em><\/p>\n<p>Le terme \u201cenl\u00e8vement d\u2019enfant\u201d \u00e9voque dans l&#8217;imagination populaire un inconnu sinistre r\u00f4dant dans l\u2019ombre. En r\u00e9alit\u00e9, l\u2019auteur d&#8217;un enl\u00e8vement\u00a0est le plus souvent le p\u00e8re ou la m\u00e8re, parfois avec les meilleures intentions. Les cons\u00e9quences n\u2019en sont pas moins dramatiques, surtout pour l\u2019enfant.<\/p>\n<p><a href=\"http:\/\/www.hcch.net\/index_fr.php?act=conventions.text&amp;cid=24\"><strong>La Convention de La Haye sur les aspects civils de l&#8217;enl\u00e8vement international d&#8217;enfants<\/strong><\/a><strong><em>\u00a0<\/em><\/strong>est un trait\u00e9 international multilat\u00e9ral\u00a0 auquel les pays de l\u2019Union Europ\u00e9enne, les Etats-Unis et bien d\u2019autres Etats sont parties. La Convention a pour but de mettre en place un m\u00e9canisme entre des Autorit\u00e9s centrales d\u00e9sign\u00e9es par chaque Etat signataire , permettant le retour de l\u2019enfant illicitement enlev\u00e9 de son pays de r\u00e9sidence habituelle to un autre Etat signataire.<\/p>\n<p>La Convention ne s\u2019appliquera pas si l\u2019enfant a 16 ans ou plus, si le parent qui avait la garde attend plus d\u2019un an avant de l\u2019invoquer, si l\u2019enfants&#8217;oppose \u00e0 son retour et qu&#8217;il a atteint un \u00e2ge et une maturit\u00e9 o\u00f9 il se r\u00e9v\u00e8le appropri\u00e9 de tenir compte de cette opinion, ou bien, selon l\u2019Article 13(1)b) s&#8217;il existe un \u201c<strong>un risque grave que le retour de l&#8217;enfant ne l&#8217;expose \u00e0 un danger physique ou psychique, ou de toute autre mani\u00e8re ne le place dans une situation intol\u00e9rable<\/strong>\u201d.<\/p>\n<p>A l\u2019int\u00e9rieur de l\u2019Union Europ\u00e9enne, le <strong><a href=\"http:\/\/eur-lex.europa.eu\/LexUriServ\/LexUriServ.do?uri=CELEX:32003R2201:FR:HTML\">R\u00e8glement Bruxelles II bis<\/a><\/strong> se substitue aux provisions de la Convention de La Haye et met en place ses propres r\u00e8gles.\u00a0Le tribunal saisi est oblig\u00e9 d\u2019entendre l\u2019enfant sur la question de son retour, et les proc\u00e9dures les plus rapides selon le droit de l\u2019Etat requis doivent \u00eatre utilis\u00e9es, pour aboutir \u00e0 une solution dans un d\u00e9lai de six semaines.<\/p>\n<p>The but du R\u00e8glement est de r\u00e9duire les cas de non-retour et de limiter les chances de succ\u00e8s d\u2019une d\u00e9fense fond\u00e9e sur l\u2019Article 13(1)b). Selon l\u2019Article 11(4) du of R\u00e8glement, le juge de l\u2019Etat destinataire ne peur pas refuse le retour de l\u2019enfant sur le fondement de l\u2019Article 13(1) b) s\u2019il est \u00e9tabli que des mesures ad\u00e9quates ont \u00e9t\u00e9 prises pour assurer la protection de l\u2019enfant apr\u00e8s son retour.<\/p>\n<p>De plus, diverses provisions du R\u00e8glement Bruxelles II bis mettent en place un m\u00e9canisme par lequel les tribunaux de l\u2019Etat requ\u00e9rant conservent leur comp\u00e9tence sur l\u2019enfant. Tout jugement rendu par ces tribunaux sera automatiquement ex\u00e9cutoire dans l\u2019Etat requis.<\/p>\n<p>Ainsi, le parent ayant la garde qui a perdu sur le fondement de l\u2019Article 13(1)b) a une deuxi\u00e8me chance devant les tribunaux de son propre pays. Un jugement post\u00e9rieur du tribunal de la r\u00e9sidence habituelle de l\u2019enfant se substitue au jugement de non-retour du pays requis.<\/p>\n<p><strong>Pour en savoir plus<\/strong><br \/>\nPr\u00e9sentation de <a href=\"http:\/\/www.avocatsinternationaux.com\/index.php\/catherine-parker-2\/\" target=\"_blank\" rel=\"noopener noreferrer\"><strong>Catherine PARKER<\/strong><\/a> devant l&#8217;<em>American Bar Association<\/em>\u00a0(Conf\u00e9rence Automne 2011 sur le Droit de la Famille) : <em><strong><a href=\"http:\/\/www.avocatsinternationaux.com\/wp-content\/uploads\/2011\/10\/How-To-Rescue-A-Stolen-Child-In-Europe-V01.pdf\">HOW TO RESCUE A STOLEN CHILD IN EUROPE<\/a><\/strong><\/em> (PDF, en anglais)<\/p>\n","protected":false},"excerpt":{"rendered":"<p>L&#8217;ENLEVEMENT INTERNATIONAL D&#8217;ENFANTS Read this page in English Le terme \u201cenl\u00e8vement d\u2019enfant\u201d \u00e9voque dans l&#8217;imagination populaire un inconnu sinistre r\u00f4dant dans l\u2019ombre. En r\u00e9alit\u00e9, l\u2019auteur d&#8217;un enl\u00e8vement\u00a0est le plus souvent le p\u00e8re ou la m\u00e8re, parfois avec les meilleures intentions. Les cons\u00e9quences n\u2019en sont pas moins dramatiques, surtout pour l\u2019enfant. La Convention de La Haye <a href='https:\/\/www.avocatsinternationaux.com\/index.php\/enlevement-international-denfants-2\/' class='excerpt-more'>[&#8230;]<\/a><\/p>\n","protected":false},"author":3,"featured_media":0,"parent":0,"menu_order":3,"comment_status":"closed","ping_status":"closed","template":"","meta":{"_monsterinsights_skip_tracking":false,"_monsterinsights_sitenote_active":false,"_monsterinsights_sitenote_note":"","_monsterinsights_sitenote_category":0},"aioseo_notices":[],"_links":{"self":[{"href":"https:\/\/www.avocatsinternationaux.com\/index.php\/wp-json\/wp\/v2\/pages\/236"}],"collection":[{"href":"https:\/\/www.avocatsinternationaux.com\/index.php\/wp-json\/wp\/v2\/pages"}],"about":[{"href":"https:\/\/www.avocatsinternationaux.com\/index.php\/wp-json\/wp\/v2\/types\/page"}],"author":[{"embeddable":true,"href":"https:\/\/www.avocatsinternationaux.com\/index.php\/wp-json\/wp\/v2\/users\/3"}],"replies":[{"embeddable":true,"href":"https:\/\/www.avocatsinternationaux.com\/index.php\/wp-json\/wp\/v2\/comments?post=236"}],"version-history":[{"count":49,"href":"https:\/\/www.avocatsinternationaux.com\/index.php\/wp-json\/wp\/v2\/pages\/236\/revisions"}],"predecessor-version":[{"id":1728,"href":"https:\/\/www.avocatsinternationaux.com\/index.php\/wp-json\/wp\/v2\/pages\/236\/revisions\/1728"}],"wp:attachment":[{"href":"https:\/\/www.avocatsinternationaux.com\/index.php\/wp-json\/wp\/v2\/media?parent=236"}],"curies":[{"name":"wp","href":"https:\/\/api.w.org\/{rel}","templated":true}]}}