{"id":262,"date":"2011-10-02T08:50:28","date_gmt":"2011-10-02T15:50:28","guid":{"rendered":"http:\/\/www.avocatsinternationaux.com\/?page_id=262"},"modified":"2013-12-08T04:27:13","modified_gmt":"2013-12-08T12:27:13","slug":"visas-o-1o-2-et-p-1p-2","status":"publish","type":"page","link":"https:\/\/www.avocatsinternationaux.com\/index.php\/visas-o-1o-2-et-p-1p-2\/","title":{"rendered":"Visas O-1\/O-2 et P-1\/P-2"},"content":{"rendered":"<p><strong><span style=\"color: #333333;\"><a href=\"https:\/\/ml9mp9qyn1ei.i.optimole.com\/w:auto\/h:auto\/q:mauto\/http:\/\/www.avocatsinternationaux.com\/wp-content\/uploads\/2011\/10\/Hollywood_Sign.jpg\"><img decoding=\"async\" class=\"alignright size-medium wp-image-1128\" alt=\"Hollywood_Sign\" src=\"https:\/\/ml9mp9qyn1ei.i.optimole.com\/w:300\/h:225\/q:mauto\/http:\/\/www.avocatsinternationaux.com\/wp-content\/uploads\/2011\/10\/Hollywood_Sign.jpg\" width=\"300\" height=\"225\" \/><\/a>VISAS O ET P (ALIENS OF EXTRAORDINARY ABILITY)<\/span><\/strong><\/p>\n<p><strong><\/strong><a href=\"http:\/\/www.uslawinternational.com\/index.php\/o-1o-2-and-p-1p-2-alien-of-extraordinary-ability-visas\/\"><em>Read this page in English<\/em><\/a><\/p>\n<p>Ces visas repr\u00e9sentent la majorit\u00e9 de notre activit\u00e9 en droit de l&#8217;immigration. Contrairement aux id\u00e9es re\u00e7ues, ils ne sont pas r\u00e9serv\u00e9s aux stars d\u2019Hollywood. Nous obtenons ce type de visas pour des <strong>musiciens<\/strong>, des <strong>scientifiques<\/strong>, des <strong>sportifs<\/strong> de haut niveau, des <strong>chefs cuisiniers<\/strong>\u2026 et aussi bien s\u00fbr des <strong>acteurs et producteurs de cin\u00e9ma<\/strong>.<\/p>\n<p>Les visas O-1 et P-1 sont r\u00e9serv\u00e9s \u00e0 ceux qui ont atteint le sommet de leur profession dans les arts, les lettres, les sciences, l&#8217;\u00e9ducation,\u00a0le cin\u00e9ma et la t\u00e9l\u00e9vision, et leurs accompagnateurs. Ils requi\u00e8rent une consultation d\u2019un syndicat am\u00e9ricain sp\u00e9cialis\u00e9 (et dans le cas des industries du cin\u00e9ma\u00a0et de la t\u00e9l\u00e9vision,\u00a0d\u2019une organization patronale), ainsi qu\u2019une documentation extensive des qualifications du candidat. Celle-ci comprend des <strong>lettres de recommandation professionnelle<\/strong>.<\/p>\n<p>Le candidat au visa doit d\u00e9montrer qu\u2019il a re\u00e7u, ou a \u00e9t\u00e9 nomin\u00e9 pour un prix de l\u2019importance d\u2019un <strong>Prix Nobel<\/strong>, d\u2019un <strong>Oscar<\/strong> ou d\u2019un <strong>Grammy<\/strong>, ou bien qu&#8217;il satisfait \u00e0 <strong>au moins trois des crit\u00e8res suivants<\/strong> :<\/p>\n<p>&#8211; Prix d\u2019importance moindre, mais reconnus au niveau national ou international<\/p>\n<p>&#8211; Appartenance \u00e0 des associations qui exigent de leurs membres des qualifications exceptionnelles, appr\u00e9ci\u00e9es par des experts nationaux ou internationaux<\/p>\n<p>&#8211; Citations du travail du candidat dans des publications professionnelles de haut niveau<\/p>\n<p>&#8211; Participation \u00e0 un jury pour juger du travail de ses pairs dans un domaine d\u2019activit\u00e9\u00a0identique ou proche<\/p>\n<p>&#8211; Contributions, scientifiques ou autres, originales et d\u2019importance majeure dans le domaine d\u2019activit\u00e9<\/p>\n<p>&#8211; Publication d\u2019articles de recherche dans des journaux professionnels ou des media de premier plan<\/p>\n<p>&#8211; Emplois ant\u00e9rieurs dans des positions cruciales pour des organisations prestigieuses<\/p>\n<p>&#8211; R\u00e9muneration \u00e9lev\u00e9e par rapport au le domaine d\u2019activit\u00e9.<\/p>\n<p>Bien \u00e9videmment, rares sont ceux qui remplissent ces crit\u00e8res, et la pr\u00e9sentation du dossier est d\u2019importance cruciale pour son succ\u00e8s.<\/p>\n","protected":false},"excerpt":{"rendered":"<p>VISAS O ET P (ALIENS OF EXTRAORDINARY ABILITY) Read this page in English Ces visas repr\u00e9sentent la majorit\u00e9 de notre activit\u00e9 en droit de l&#8217;immigration. Contrairement aux id\u00e9es re\u00e7ues, ils ne sont pas r\u00e9serv\u00e9s aux stars d\u2019Hollywood. Nous obtenons ce type de visas pour des musiciens, des scientifiques, des sportifs de haut niveau, des chefs <a href='https:\/\/www.avocatsinternationaux.com\/index.php\/visas-o-1o-2-et-p-1p-2\/' class='excerpt-more'>[&#8230;]<\/a><\/p>\n","protected":false},"author":3,"featured_media":0,"parent":0,"menu_order":4,"comment_status":"closed","ping_status":"closed","template":"","meta":{"_monsterinsights_skip_tracking":false,"_monsterinsights_sitenote_active":false,"_monsterinsights_sitenote_note":"","_monsterinsights_sitenote_category":0},"aioseo_notices":[],"_links":{"self":[{"href":"https:\/\/www.avocatsinternationaux.com\/index.php\/wp-json\/wp\/v2\/pages\/262"}],"collection":[{"href":"https:\/\/www.avocatsinternationaux.com\/index.php\/wp-json\/wp\/v2\/pages"}],"about":[{"href":"https:\/\/www.avocatsinternationaux.com\/index.php\/wp-json\/wp\/v2\/types\/page"}],"author":[{"embeddable":true,"href":"https:\/\/www.avocatsinternationaux.com\/index.php\/wp-json\/wp\/v2\/users\/3"}],"replies":[{"embeddable":true,"href":"https:\/\/www.avocatsinternationaux.com\/index.php\/wp-json\/wp\/v2\/comments?post=262"}],"version-history":[{"count":45,"href":"https:\/\/www.avocatsinternationaux.com\/index.php\/wp-json\/wp\/v2\/pages\/262\/revisions"}],"predecessor-version":[{"id":1228,"href":"https:\/\/www.avocatsinternationaux.com\/index.php\/wp-json\/wp\/v2\/pages\/262\/revisions\/1228"}],"wp:attachment":[{"href":"https:\/\/www.avocatsinternationaux.com\/index.php\/wp-json\/wp\/v2\/media?parent=262"}],"curies":[{"name":"wp","href":"https:\/\/api.w.org\/{rel}","templated":true}]}}