{"id":47,"date":"2011-09-29T06:24:19","date_gmt":"2011-09-29T13:24:19","guid":{"rendered":"http:\/\/www.avocatsinternationaux.com\/?page_id=47"},"modified":"2022-05-06T12:33:23","modified_gmt":"2022-05-06T19:33:23","slug":"accueil-2","status":"publish","type":"page","link":"https:\/\/www.avocatsinternationaux.com\/","title":{"rendered":"Avocats Internationaux Los Angeles"},"content":{"rendered":"<p><a href=\"https:\/\/ml9mp9qyn1ei.i.optimole.com\/w:auto\/h:auto\/q:mauto\/http:\/\/www.avocatsinternationaux.com\/wp-content\/uploads\/2011\/09\/Downtown-Los-Angeles.jpg\"><img decoding=\"async\" class=\"alignright wp-image-960 size-medium\" src=\"https:\/\/ml9mp9qyn1ei.i.optimole.com\/w:226\/h:300\/q:mauto\/http:\/\/www.avocatsinternationaux.com\/wp-content\/uploads\/2011\/09\/Downtown-Los-Angeles.jpg\" alt=\"Avocats Internationaux Downtown Los Angeles\" width=\"226\" height=\"300\" \/><\/a><\/p>\n<p><strong>VOS QUESTIONS, NOS SOLUTIONS<\/strong><\/p>\n<p>Etablis \u00e0 Los Angeles depuis plus de 20 ans, avec des bureaux \u00e0 Paris, nous sommes sp\u00e9cialis\u00e9s dans les services juridiques aux entreprises et citoyens am\u00e9ricains, europ\u00e9ens et fran\u00e7ais.<\/p>\n<p>Conscients des d\u00e9fis d\u2019un environnement de plus en plus tourn\u00e9 vers l\u2019international, nous sommes prepar\u00e9s \u00e0 y faire face. Depuis des ann\u00e9es, nous accompagnons les Fran\u00e7ais dans leurs d\u00e9marches, personnelles et d&#8217;affaires, d&#8217;installation aux\u00a0\u00c9tats-Unis.<\/p>\n<p>Grace \u00e0 notre experience multilingue et multiculturelle, nous offrons une vision et des solutions strat\u00e9giques globales, tant aux Etats-Unis qu&#8217;en France.<\/p>\n","protected":false},"excerpt":{"rendered":"<p>VOS QUESTIONS, NOS SOLUTIONS Etablis \u00e0 Los Angeles depuis plus de 20 ans, avec des bureaux \u00e0 Paris, nous sommes sp\u00e9cialis\u00e9s dans les services juridiques aux entreprises et citoyens am\u00e9ricains, europ\u00e9ens et fran\u00e7ais. Conscients des d\u00e9fis d\u2019un environnement de plus en plus tourn\u00e9 vers l\u2019international, nous sommes prepar\u00e9s \u00e0 y faire face. Depuis des ann\u00e9es, <a href='https:\/\/www.avocatsinternationaux.com\/' class='excerpt-more'>[&#8230;]<\/a><\/p>\n","protected":false},"author":3,"featured_media":0,"parent":0,"menu_order":0,"comment_status":"closed","ping_status":"closed","template":"","meta":{"_monsterinsights_skip_tracking":false,"_monsterinsights_sitenote_active":false,"_monsterinsights_sitenote_note":"","_monsterinsights_sitenote_category":0},"aioseo_notices":[],"_links":{"self":[{"href":"https:\/\/www.avocatsinternationaux.com\/index.php\/wp-json\/wp\/v2\/pages\/47"}],"collection":[{"href":"https:\/\/www.avocatsinternationaux.com\/index.php\/wp-json\/wp\/v2\/pages"}],"about":[{"href":"https:\/\/www.avocatsinternationaux.com\/index.php\/wp-json\/wp\/v2\/types\/page"}],"author":[{"embeddable":true,"href":"https:\/\/www.avocatsinternationaux.com\/index.php\/wp-json\/wp\/v2\/users\/3"}],"replies":[{"embeddable":true,"href":"https:\/\/www.avocatsinternationaux.com\/index.php\/wp-json\/wp\/v2\/comments?post=47"}],"version-history":[{"count":108,"href":"https:\/\/www.avocatsinternationaux.com\/index.php\/wp-json\/wp\/v2\/pages\/47\/revisions"}],"predecessor-version":[{"id":1845,"href":"https:\/\/www.avocatsinternationaux.com\/index.php\/wp-json\/wp\/v2\/pages\/47\/revisions\/1845"}],"wp:attachment":[{"href":"https:\/\/www.avocatsinternationaux.com\/index.php\/wp-json\/wp\/v2\/media?parent=47"}],"curies":[{"name":"wp","href":"https:\/\/api.w.org\/{rel}","templated":true}]}}