{"id":57,"date":"2011-09-29T06:38:12","date_gmt":"2011-09-29T13:38:12","guid":{"rendered":"http:\/\/www.avocatsinternationaux.com\/?page_id=57"},"modified":"2019-05-17T11:47:44","modified_gmt":"2019-05-17T18:47:44","slug":"mentions-legales-2","status":"publish","type":"page","link":"https:\/\/www.avocatsinternationaux.com\/index.php\/mentions-legales-2\/","title":{"rendered":"Mentions Legales"},"content":{"rendered":"<p><strong>MENTIONS L\u00c9GALES<br \/>\n<\/strong><\/p>\n<p><em><a href=\"http:\/\/www.uslawinternational.com\/index.php\/legal-disclaimer-2\/\">Read this page in English<\/a><\/em><\/p>\n<p>Le fait de nous envoyer un courriel, de nous consulter en personne, via Skype ou par\u00a0t\u00e9l\u00e9phone, ou de prendre des informations sur notre site ne cr\u00e9e pas entre vous et nous de relation contractuelle entre avocat et client.<\/p>\n<p>Cette relation ne pourra \u00eatre\u00a0\u00e9tablie qu&#8217;apr\u00e8s que nous ayons v\u00e9rifi\u00e9 que nous n\u2019avons pas de conflit d\u2019int\u00e9r\u00eats, et que vous ayez sign\u00e9 notre lettre d\u2019engagement. Avant\u00a0cel\u00e0, ne nous envoyez pas d&#8217;informations ou de\u00a0documents confidentiels, sauf si nous vous le demandons.<\/p>\n<p>Les informations que vous trouverez sur notre site sont d&#8217;ordre g\u00e9n\u00e9ral, et ne constituent pas des consultations juridiques applicables \u00e0\u00a0votre cas particulier. Ne prenez aucune d\u00e9cision sur la base\u00a0de ces informations sans consulter un avocat.<\/p>\n","protected":false},"excerpt":{"rendered":"<p>MENTIONS L\u00c9GALES Read this page in English Le fait de nous envoyer un courriel, de nous consulter en personne, via Skype ou par\u00a0t\u00e9l\u00e9phone, ou de prendre des informations sur notre site ne cr\u00e9e pas entre vous et nous de relation contractuelle entre avocat et client. Cette relation ne pourra \u00eatre\u00a0\u00e9tablie qu&#8217;apr\u00e8s que nous ayons v\u00e9rifi\u00e9 <a href='https:\/\/www.avocatsinternationaux.com\/index.php\/mentions-legales-2\/' class='excerpt-more'>[&#8230;]<\/a><\/p>\n","protected":false},"author":3,"featured_media":0,"parent":0,"menu_order":0,"comment_status":"closed","ping_status":"closed","template":"","meta":{"_monsterinsights_skip_tracking":false,"_monsterinsights_sitenote_active":false,"_monsterinsights_sitenote_note":"","_monsterinsights_sitenote_category":0},"aioseo_notices":[],"_links":{"self":[{"href":"https:\/\/www.avocatsinternationaux.com\/index.php\/wp-json\/wp\/v2\/pages\/57"}],"collection":[{"href":"https:\/\/www.avocatsinternationaux.com\/index.php\/wp-json\/wp\/v2\/pages"}],"about":[{"href":"https:\/\/www.avocatsinternationaux.com\/index.php\/wp-json\/wp\/v2\/types\/page"}],"author":[{"embeddable":true,"href":"https:\/\/www.avocatsinternationaux.com\/index.php\/wp-json\/wp\/v2\/users\/3"}],"replies":[{"embeddable":true,"href":"https:\/\/www.avocatsinternationaux.com\/index.php\/wp-json\/wp\/v2\/comments?post=57"}],"version-history":[{"count":47,"href":"https:\/\/www.avocatsinternationaux.com\/index.php\/wp-json\/wp\/v2\/pages\/57\/revisions"}],"predecessor-version":[{"id":1637,"href":"https:\/\/www.avocatsinternationaux.com\/index.php\/wp-json\/wp\/v2\/pages\/57\/revisions\/1637"}],"wp:attachment":[{"href":"https:\/\/www.avocatsinternationaux.com\/index.php\/wp-json\/wp\/v2\/media?parent=57"}],"curies":[{"name":"wp","href":"https:\/\/api.w.org\/{rel}","templated":true}]}}