{"id":74,"date":"2011-09-30T03:45:54","date_gmt":"2011-09-30T10:45:54","guid":{"rendered":"http:\/\/www.avocatsinternationaux.com\/?page_id=74"},"modified":"2015-04-28T04:33:55","modified_gmt":"2015-04-28T11:33:55","slug":"droit-international-de-la-famille","status":"publish","type":"page","link":"https:\/\/www.avocatsinternationaux.com\/index.php\/droit-international-de-la-famille\/","title":{"rendered":"DROIT DE LA FAMILLE INTERNATIONAL"},"content":{"rendered":"<p><strong><a href=\"https:\/\/ml9mp9qyn1ei.i.optimole.com\/w:auto\/h:auto\/q:mauto\/http:\/\/www.avocatsinternationaux.com\/wp-content\/uploads\/2011\/09\/family-at-the-beach.jpg\"><img decoding=\"async\" class=\"size-full wp-image-679 alignright\" title=\"family at the beach\" src=\"https:\/\/ml9mp9qyn1ei.i.optimole.com\/w:auto\/h:auto\/q:mauto\/http:\/\/www.avocatsinternationaux.com\/wp-content\/uploads\/2011\/09\/family-at-the-beach.jpg\" alt=\"\" width=\"300\" height=\"225\" \/><\/a><span style=\"color: #333333;\">DROIT DE LA FAMILLE INTERNATIONAL<\/span><\/strong><\/p>\n<p>Plus que jamais les familles s\u2019\u00e9tablissent au-del\u00e0 des fronti\u00e8res. Mais un d\u00e9m\u00e9nagement international peut causer bien des tensions dans un mariage. L\u2019un des \u00e9poux s\u2019adapte ais\u00e9ment \u00e0 son nouveau pays, tandis que l\u2019autre regrette sa famille, ses amis et sa carri\u00e8re. Tous les mariages ne r\u00e9sistent pas \u00e0 cette \u00e9preuve.<\/p>\n<p>Quelles seront alors les cons\u00e9quences d&#8217;un divorce? Le contrat de mariage fran\u00e7ais des \u00e9poux sera-t-il valid\u00e9 par un tribunal californien? Et si l\u2019un des \u00e9poux d\u00e9pose une requ\u00eate en divorce \u00e0 Paris, alors que l\u2019autre fait de m\u00eame \u00e0 Los Angeles? Plus grave encore, que va-t-il se passer si l\u2019un des parents emm\u00e8ne les enfants pour les grandes vacances en Europe, et &#8220;oublie&#8221; de revenir aux Etats-Unis pour la rentr\u00e9e scolaire?\u00a0Nous sommes en mesure d&#8217;apporter des r\u00e9ponses \u00e0 ces questions cruciales.<\/p>\n<p><strong>Pour en savoir plus :<\/strong><br \/>\n<strong>\u00a0&#8211;\u00a0<a href=\"http:\/\/www.avocatsinternationaux.com\/index.php\/contrats-de-mariage\/\">Contrats de mariage et r\u00e9gimes matrimoniaux<\/a><\/strong><br \/>\n<strong>\u00a0&#8211;\u00a0<a href=\"http:\/\/www.avocatsinternationaux.com\/index.php\/divorce-international-2\/\">Divorce international<\/a><\/strong><br \/>\n<strong>\u00a0&#8211;\u00a0<a href=\"http:\/\/www.avocatsinternationaux.com\/index.php\/enlevement-international-denfants-2\/\">Enl\u00e8vement international d&#8217;enfants : la Convention de La Haye<\/a><\/strong><\/p>\n","protected":false},"excerpt":{"rendered":"<p>DROIT DE LA FAMILLE INTERNATIONAL Plus que jamais les familles s\u2019\u00e9tablissent au-del\u00e0 des fronti\u00e8res. Mais un d\u00e9m\u00e9nagement international peut causer bien des tensions dans un mariage. L\u2019un des \u00e9poux s\u2019adapte ais\u00e9ment \u00e0 son nouveau pays, tandis que l\u2019autre regrette sa famille, ses amis et sa carri\u00e8re. Tous les mariages ne r\u00e9sistent pas \u00e0 cette \u00e9preuve. <a href='https:\/\/www.avocatsinternationaux.com\/index.php\/droit-international-de-la-famille\/' class='excerpt-more'>[&#8230;]<\/a><\/p>\n","protected":false},"author":3,"featured_media":0,"parent":0,"menu_order":0,"comment_status":"closed","ping_status":"closed","template":"","meta":{"_monsterinsights_skip_tracking":false,"_monsterinsights_sitenote_active":false,"_monsterinsights_sitenote_note":"","_monsterinsights_sitenote_category":0},"aioseo_notices":[],"_links":{"self":[{"href":"https:\/\/www.avocatsinternationaux.com\/index.php\/wp-json\/wp\/v2\/pages\/74"}],"collection":[{"href":"https:\/\/www.avocatsinternationaux.com\/index.php\/wp-json\/wp\/v2\/pages"}],"about":[{"href":"https:\/\/www.avocatsinternationaux.com\/index.php\/wp-json\/wp\/v2\/types\/page"}],"author":[{"embeddable":true,"href":"https:\/\/www.avocatsinternationaux.com\/index.php\/wp-json\/wp\/v2\/users\/3"}],"replies":[{"embeddable":true,"href":"https:\/\/www.avocatsinternationaux.com\/index.php\/wp-json\/wp\/v2\/comments?post=74"}],"version-history":[{"count":37,"href":"https:\/\/www.avocatsinternationaux.com\/index.php\/wp-json\/wp\/v2\/pages\/74\/revisions"}],"predecessor-version":[{"id":1475,"href":"https:\/\/www.avocatsinternationaux.com\/index.php\/wp-json\/wp\/v2\/pages\/74\/revisions\/1475"}],"wp:attachment":[{"href":"https:\/\/www.avocatsinternationaux.com\/index.php\/wp-json\/wp\/v2\/media?parent=74"}],"curies":[{"name":"wp","href":"https:\/\/api.w.org\/{rel}","templated":true}]}}