{"id":90,"date":"2011-09-30T05:51:36","date_gmt":"2011-09-30T12:51:36","guid":{"rendered":"http:\/\/www.avocatsinternationaux.com\/?page_id=90"},"modified":"2017-03-05T10:34:52","modified_gmt":"2017-03-05T18:34:52","slug":"limited-liability-company-llc","status":"publish","type":"page","link":"https:\/\/www.avocatsinternationaux.com\/index.php\/limited-liability-company-llc\/","title":{"rendered":"Limited Liability Company (LLC)"},"content":{"rendered":"<p><span style=\"color: #333333;\"><strong>LIMITED LIABILITY COMPANY (LLC)<\/strong><\/span><a href=\"https:\/\/ml9mp9qyn1ei.i.optimole.com\/w:auto\/h:auto\/q:mauto\/http:\/\/www.avocatsinternationaux.com\/wp-content\/uploads\/2011\/09\/Los_Angeles_downtown.jpg\"><img decoding=\"async\" class=\"size-medium wp-image-70 alignright\" src=\"https:\/\/ml9mp9qyn1ei.i.optimole.com\/w:300\/h:225\/q:mauto\/http:\/\/www.avocatsinternationaux.com\/wp-content\/uploads\/2011\/09\/Los_Angeles_downtown.jpg\" alt=\"Los Angeles (Downtown) \" width=\"300\" height=\"225\" \/><\/a><\/p>\n<p>La LLC est de cr\u00e9ation\u00a0relativement r\u00e9cente en Californie. \u2028Elle offre, comme la <strong><a href=\"http:\/\/www.avocatsinternationaux.com\/index.php\/corporations\/\">corporation<\/a><\/strong>, l\u2019avantage de limiter, dans la plupart des cas, la responsabilit\u00e9 de ses membres au montant de leur apport. \u2028Du point de vue fiscal, elle peut \u00eatre\u00a0trait\u00e9e comme un <strong><a href=\"http:\/\/www.avocatsinternationaux.com\/index.php\/partnership\/\">partnership<\/a><\/strong>, ce qui implique qu\u2019il n\u2019y aura pas de double taxation des b\u00e9n\u00e9fices (ceux-ci \u00e9tant impos\u00e9s seulement au niveau des associ\u00e9s).<\/p>\n<p>Comme la corporation, la LLC peut n&#8217;avoir qu&#8217;un seul associ\u00e9. \u2028S&#8217;il en existe plusieurs, la r\u00e9daction de l&#8217;<strong>Operating Agreement<\/strong>, qui r\u00e9gira les droits et obligations des associ\u00e9s entre eux, est d&#8217;une importance cruciale.<\/p>\n<p>Dans certains cas (par exemple s\u2019il est impossible de faire une <em>SubChapter S election<\/em> dans le cadre d\u2019une corporation car l\u2019un des actionnaires n\u2019est pas r\u00e9sident fiscal aux Etats-Unis), le choix de la LLC peut \u00eatre plus avantageux.<\/p>\n","protected":false},"excerpt":{"rendered":"<p>LIMITED LIABILITY COMPANY (LLC) La LLC est de cr\u00e9ation\u00a0relativement r\u00e9cente en Californie. \u2028Elle offre, comme la corporation, l\u2019avantage de limiter, dans la plupart des cas, la responsabilit\u00e9 de ses membres au montant de leur apport. \u2028Du point de vue fiscal, elle peut \u00eatre\u00a0trait\u00e9e comme un partnership, ce qui implique qu\u2019il n\u2019y aura pas de double <a href='https:\/\/www.avocatsinternationaux.com\/index.php\/limited-liability-company-llc\/' class='excerpt-more'>[&#8230;]<\/a><\/p>\n","protected":false},"author":3,"featured_media":0,"parent":0,"menu_order":2,"comment_status":"closed","ping_status":"closed","template":"","meta":{"_monsterinsights_skip_tracking":false,"_monsterinsights_sitenote_active":false,"_monsterinsights_sitenote_note":"","_monsterinsights_sitenote_category":0},"aioseo_notices":[],"_links":{"self":[{"href":"https:\/\/www.avocatsinternationaux.com\/index.php\/wp-json\/wp\/v2\/pages\/90"}],"collection":[{"href":"https:\/\/www.avocatsinternationaux.com\/index.php\/wp-json\/wp\/v2\/pages"}],"about":[{"href":"https:\/\/www.avocatsinternationaux.com\/index.php\/wp-json\/wp\/v2\/types\/page"}],"author":[{"embeddable":true,"href":"https:\/\/www.avocatsinternationaux.com\/index.php\/wp-json\/wp\/v2\/users\/3"}],"replies":[{"embeddable":true,"href":"https:\/\/www.avocatsinternationaux.com\/index.php\/wp-json\/wp\/v2\/comments?post=90"}],"version-history":[{"count":27,"href":"https:\/\/www.avocatsinternationaux.com\/index.php\/wp-json\/wp\/v2\/pages\/90\/revisions"}],"predecessor-version":[{"id":1536,"href":"https:\/\/www.avocatsinternationaux.com\/index.php\/wp-json\/wp\/v2\/pages\/90\/revisions\/1536"}],"wp:attachment":[{"href":"https:\/\/www.avocatsinternationaux.com\/index.php\/wp-json\/wp\/v2\/media?parent=90"}],"curies":[{"name":"wp","href":"https:\/\/api.w.org\/{rel}","templated":true}]}}